{"id":64,"date":"2022-10-27T15:25:43","date_gmt":"2022-10-27T15:25:43","guid":{"rendered":"http:\/\/protecaocivil-famalicao.cway.pt\/?page_id=64"},"modified":"2022-10-27T15:25:46","modified_gmt":"2022-10-27T15:25:46","slug":"pagina-inicial","status":"publish","type":"page","link":"https:\/\/protecaocivil-famalicao.cway.pt\/","title":{"rendered":"P\u00e1gina Inicial"},"content":{"rendered":"\n  \n    <section class=\"u-clearfix u-section-1\" id=\"sec-3700\">\n      <div class=\"u-clearfix u-sheet u-sheet-1\">\n        <h1 class=\"u-custom-font u-font-open-sans u-text u-text-default u-text-palette-1-dark-2 u-text-1\">DETEC\u00c7\u00c3O FUMO E FOGO <br>\n        <\/h1>\n        <h3 class=\"u-align-left u-custom-font u-font-open-sans u-text u-text-default u-text-palette-1-dark-2 u-text-2\">SISTEMA DE VIS\u00c3O ARTIFICAL&nbsp;<\/h3>\n        <h6 class=\"u-custom-font u-font-open-sans u-text u-text-default u-text-palette-1-dark-2 u-text-3\">ALARMISTICA E REGISTO&nbsp;<\/h6>\n        <h2 class=\"u-custom-font u-font-open-sans u-text u-text-default u-text-palette-1-dark-2 u-text-4\">TORRE CHARLIE<\/h2>\n        <h5 class=\"u-custom-font u-font-open-sans u-text u-text-default u-text-palette-1-dark-2 u-text-5\">Localiza\u00e7\u00e3o : Calend\u00e1rio&nbsp;<br>GPS:&nbsp; 41.4022321792, -8.854676353\n        <\/h5>\n        <img decoding=\"async\" class=\"u-expanded-width u-image u-image-default u-image-1\" src=\"https:\/\/protecaocivil-famalicao.cway.pt\/wp-content\/uploads\/2022\/10\/Charliefinalcorrigida.png\" alt=\"\" data-image-width=\"1766\" data-image-height=\"986\">\n      <\/div>\n    <\/section>\n    <section class=\"u-clearfix u-section-2\" id=\"sec-b147\">\n      <div class=\"u-clearfix u-sheet u-sheet-1\">\n        <h5 class=\"u-text u-text-custom-color-1 u-text-default u-text-1\">ACTIVAR C\u00c2MARA MIC MANUAL&nbsp;<\/h5>\n        <h5 class=\"u-text u-text-custom-color-1 u-text-default u-text-2\">ACTIVAR C\u00c2MARA MIC AUTOMOM\u00c1TICO&nbsp;<\/h5>\n        <a href=\"http:\/\/calendariocway.ddns.net:1880\/api\/auto_ptz_on\" class=\"u-btn u-button-style u-custom-color-3 u-hover-palette-1-dark-1 u-btn-1\" target=\"_blank\">ON&nbsp;<\/a>\n        <a href=\"http:\/\/calendariocway.ddns.net:1880\/api\/auto_ptz_off\" class=\"u-btn u-button-style u-hover-palette-1-dark-1 u-palette-2-base u-btn-2\" target=\"_blank\">OFF<\/a>\n      <\/div>\n    <\/section>\n    \n    \n    \n    \n    \n  \n","protected":false},"excerpt":{"rendered":"<p>DETEC\u00c7\u00c3O FUMO E FOGO SISTEMA DE VIS\u00c3O ARTIFICAL&nbsp; ALARMISTICA E REGISTO&nbsp; TORRE CHARLIE Localiza\u00e7\u00e3o : Calend\u00e1rio&nbsp;GPS:&nbsp; 41.4022321792, -8.854676353 ACTIVAR C\u00c2MARA MIC MANUAL&nbsp; ACTIVAR C\u00c2MARA MIC AUTOMOM\u00c1TICO&nbsp; ON&nbsp; OFF<\/p>\n","protected":false},"author":1,"featured_media":0,"parent":0,"menu_order":1,"comment_status":"closed","ping_status":"closed","template":"","meta":{"footnotes":""},"class_list":["post-64","page","type-page","status-publish","hentry"],"_links":{"self":[{"href":"https:\/\/protecaocivil-famalicao.cway.pt\/index.php?rest_route=\/wp\/v2\/pages\/64","targetHints":{"allow":["GET"]}}],"collection":[{"href":"https:\/\/protecaocivil-famalicao.cway.pt\/index.php?rest_route=\/wp\/v2\/pages"}],"about":[{"href":"https:\/\/protecaocivil-famalicao.cway.pt\/index.php?rest_route=\/wp\/v2\/types\/page"}],"author":[{"embeddable":true,"href":"https:\/\/protecaocivil-famalicao.cway.pt\/index.php?rest_route=\/wp\/v2\/users\/1"}],"replies":[{"embeddable":true,"href":"https:\/\/protecaocivil-famalicao.cway.pt\/index.php?rest_route=%2Fwp%2Fv2%2Fcomments&post=64"}],"version-history":[{"count":1,"href":"https:\/\/protecaocivil-famalicao.cway.pt\/index.php?rest_route=\/wp\/v2\/pages\/64\/revisions"}],"predecessor-version":[{"id":76,"href":"https:\/\/protecaocivil-famalicao.cway.pt\/index.php?rest_route=\/wp\/v2\/pages\/64\/revisions\/76"}],"wp:attachment":[{"href":"https:\/\/protecaocivil-famalicao.cway.pt\/index.php?rest_route=%2Fwp%2Fv2%2Fmedia&parent=64"}],"curies":[{"name":"wp","href":"https:\/\/api.w.org\/{rel}","templated":true}]}}